{"id":1769,"date":"2021-04-28T13:52:57","date_gmt":"2021-04-28T09:52:57","guid":{"rendered":"https:\/\/goc2020.govmu.org\/mcrlnew_20210702\/?page_id=1769"},"modified":"2021-04-28T14:00:14","modified_gmt":"2021-04-28T10:00:14","slug":"archives-on-library-development-in-mauritius","status":"publish","type":"page","link":"https:\/\/mcrl.govmu.org\/mcrl\/?page_id=1769","title":{"rendered":"Archives on Library Development in Mauritius"},"content":{"rendered":"\t\t<div data-elementor-type=\"wp-post\" data-elementor-id=\"1769\" class=\"elementor elementor-1769\" data-elementor-post-type=\"page\">\n\t\t\t\t\t\t<section class=\"elementor-section elementor-top-section elementor-element elementor-element-ada00dc elementor-section-boxed elementor-section-height-default elementor-section-height-default\" data-id=\"ada00dc\" data-element_type=\"section\" data-e-type=\"section\" data-settings=\"{&quot;background_background&quot;:&quot;classic&quot;}\">\n\t\t\t\t\t\t\t<div class=\"elementor-background-overlay\"><\/div>\n\t\t\t\t\t\t\t<div class=\"elementor-container elementor-column-gap-wide\">\n\t\t\t\t\t<div class=\"elementor-column elementor-col-100 elementor-top-column elementor-element elementor-element-f51c552\" data-id=\"f51c552\" data-element_type=\"column\" data-e-type=\"column\">\n\t\t\t<div class=\"elementor-widget-wrap\">\n\t\t\t\t\t\t\t<\/div>\n\t\t<\/div>\n\t\t\t\t\t<\/div>\n\t\t<\/section>\n\t\t\t\t<section class=\"elementor-section elementor-top-section elementor-element elementor-element-9c36f22 elementor-section-boxed elementor-section-height-default elementor-section-height-default\" data-id=\"9c36f22\" data-element_type=\"section\" data-e-type=\"section\">\n\t\t\t\t\t\t<div class=\"elementor-container elementor-column-gap-default\">\n\t\t\t\t\t<div class=\"elementor-column elementor-col-100 elementor-top-column elementor-element elementor-element-e186994\" data-id=\"e186994\" data-element_type=\"column\" data-e-type=\"column\">\n\t\t\t<div class=\"elementor-widget-wrap elementor-element-populated\">\n\t\t\t\t\t\t<div class=\"elementor-element elementor-element-57e15ae elementor-widget elementor-widget-heading\" data-id=\"57e15ae\" data-element_type=\"widget\" data-e-type=\"widget\" data-widget_type=\"heading.default\">\n\t\t\t\t<div class=\"elementor-widget-container\">\n\t\t\t\t\t<h2 class=\"elementor-heading-title elementor-size-default\">Archives on Library Development in Mauritius<\/h2>\t\t\t\t<\/div>\n\t\t\t\t<\/div>\n\t\t\t\t<div class=\"elementor-element elementor-element-4668416 elementor-widget elementor-widget-heading\" data-id=\"4668416\" data-element_type=\"widget\" data-e-type=\"widget\" data-widget_type=\"heading.default\">\n\t\t\t\t<div class=\"elementor-widget-container\">\n\t\t\t\t\t<p class=\"elementor-heading-title elementor-size-medium\">Constitue Officiellement Mercredi: Yves Chan Kam Lon est President du Conseil des Bibliothecaires<\/p>\t\t\t\t<\/div>\n\t\t\t\t<\/div>\n\t\t\t\t\t<\/div>\n\t\t<\/div>\n\t\t\t\t\t<\/div>\n\t\t<\/section>\n\t\t\t\t<section class=\"elementor-section elementor-top-section elementor-element elementor-element-5b28d46 elementor-section-boxed elementor-section-height-default elementor-section-height-default\" data-id=\"5b28d46\" data-element_type=\"section\" data-e-type=\"section\">\n\t\t\t\t\t\t<div class=\"elementor-container elementor-column-gap-default\">\n\t\t\t\t\t\t<\/div>\n\t\t<\/section>\n\t\t\t\t<section class=\"elementor-section elementor-top-section elementor-element elementor-element-71d9df1 elementor-section-boxed elementor-section-height-default elementor-section-height-default\" data-id=\"71d9df1\" data-element_type=\"section\" data-e-type=\"section\">\n\t\t\t\t\t\t<div class=\"elementor-container elementor-column-gap-default\">\n\t\t\t\t\t<div class=\"elementor-column elementor-col-100 elementor-top-column elementor-element elementor-element-f6a025e\" data-id=\"f6a025e\" data-element_type=\"column\" data-e-type=\"column\">\n\t\t\t<div class=\"elementor-widget-wrap elementor-element-populated\">\n\t\t\t\t\t\t<div class=\"elementor-element elementor-element-d9ecea7 elementor-widget elementor-widget-text-editor\" data-id=\"d9ecea7\" data-element_type=\"widget\" data-e-type=\"widget\" data-widget_type=\"text-editor.default\">\n\t\t\t\t<div class=\"elementor-widget-container\">\n\t\t\t\t\t\t\t\t\t<p>Constitu\u00e9 officiellement mercredi Yves Chan Kam Lon est pr\u00e9sident du conseil des biblioth\u00e9caires Le conseil des biblioth\u00e9caires s&#8217;est constitu\u00e9 mercredi officiellement. Le pr\u00e9sident est Yves Chan Kam Lon.<\/p><p>Les autres membres sont Geeta Atmarow, Baboo R. Goordyal, P. Hauroo, V. Hauroo, Jeanne Lan Hing Po, Abdool Cader Mussoodee, Sharoopa Rughoo, Abdool Fareed Soogali et Mee line Young Kim Fat. Ce conseil des biblioth\u00e9caires connu comme le Mauritius Council of Registered Librarians est n\u00e9 d&#8217;une l\u00e9gislation qui fut vot\u00e9e et approuv\u00e9e par l&#8217;Assembl\u00e9e nationale le 13 mai, 2000. Les membres du conseil \u00e9taient nomm\u00e9s le 25 septembre 2001 pour une p\u00e9riode de deux ans \u00e0 partir du 31 ao\u00fbt, 2001. La premi\u00e8re r\u00e9union eut lieu sous la pr\u00e9sidence du ministre des Arts et de la Culture, Motee Ramdass. La deuxi\u00e8me r\u00e9union eut lieu le 1er novembre, 2002. P. Hauroo fut nomm\u00e9 Registrar suppl\u00e9ant. Successivement, d&#8217;autres r\u00e9unions ont \u00e9t\u00e9 tenues.<\/p><p>Yves Chan Kam Lon a fait mention des actions initi\u00e9es \u00e0 ce jour par le conseil des biblioth\u00e9caires depuis sa cr\u00e9ation, dont des travaux administratifs relatifs au livre d&#8217;enregistrement, les certificats et les formulaires d&#8217;enregistrement. Un communiqu\u00e9 de presse est en pr\u00e9paration pour le lancement d&#8217;une comp\u00e9tition pour le logo du conseil. Mais le plus important, a soulign\u00e9 le pr\u00e9sident du conseil, est l&#8217;\u00e9laboration d&#8217;un code d&#8217;\u00e9thique pour les biblioth\u00e9caires.<\/p><p>Yves Cham Kam Lon a indiqu\u00e9 que ce code d&#8217;\u00e9thique a atteint un stage final. Yves Chan Kam L&#8217;on se dit heureux que la profession de biblioth\u00e9caire est maintenant l\u00e9galis\u00e9e, et le conseil institu\u00e9, selon lui, va permettre aux biblioth\u00e9caires de travailler de mani\u00e8re professionnelle. Ce m\u00e9tier, a affirm\u00e9 le pr\u00e9sident Yves Chan Kam Lon, est un maillon indispensable au d\u00e9veloppement du pays. Ce conseil des biblioth\u00e9caires qui tombe sous la juridiction du minist\u00e8re des Arts et de la Culture b\u00e9n\u00e9ficie d&#8217;une dotation de Rs 75 000.<\/p>\t\t\t\t\t\t\t\t<\/div>\n\t\t\t\t<\/div>\n\t\t\t\t\t<\/div>\n\t\t<\/div>\n\t\t\t\t\t<\/div>\n\t\t<\/section>\n\t\t\t\t<\/div>\n\t\t","protected":false},"excerpt":{"rendered":"<p>Archives on Library Development in Mauritius Constitue Officiellement Mercredi: Yves Chan Kam Lon est President du Conseil des Bibliothecaires Constitu\u00e9 officiellement mercredi Yves Chan Kam Lon est pr\u00e9sident du conseil des biblioth\u00e9caires Le conseil des biblioth\u00e9caires s&#8217;est constitu\u00e9 mercredi officiellement. Le pr\u00e9sident est Yves Chan Kam Lon. Les autres membres sont Geeta Atmarow, Baboo R. &hellip;<\/p>\n<p class=\"read-more\"> <a class=\"\" href=\"https:\/\/mcrl.govmu.org\/mcrl\/?page_id=1769\"> <span class=\"screen-reader-text\">Archives on Library Development in Mauritius<\/span> Read More &raquo;<\/a><\/p>\n","protected":false},"author":1,"featured_media":0,"parent":0,"menu_order":0,"comment_status":"closed","ping_status":"closed","template":"","meta":{"footnotes":""},"class_list":["post-1769","page","type-page","status-publish","hentry"],"_links":{"self":[{"href":"https:\/\/mcrl.govmu.org\/mcrl\/index.php?rest_route=\/wp\/v2\/pages\/1769","targetHints":{"allow":["GET"]}}],"collection":[{"href":"https:\/\/mcrl.govmu.org\/mcrl\/index.php?rest_route=\/wp\/v2\/pages"}],"about":[{"href":"https:\/\/mcrl.govmu.org\/mcrl\/index.php?rest_route=\/wp\/v2\/types\/page"}],"author":[{"embeddable":true,"href":"https:\/\/mcrl.govmu.org\/mcrl\/index.php?rest_route=\/wp\/v2\/users\/1"}],"replies":[{"embeddable":true,"href":"https:\/\/mcrl.govmu.org\/mcrl\/index.php?rest_route=%2Fwp%2Fv2%2Fcomments&post=1769"}],"version-history":[{"count":7,"href":"https:\/\/mcrl.govmu.org\/mcrl\/index.php?rest_route=\/wp\/v2\/pages\/1769\/revisions"}],"predecessor-version":[{"id":1779,"href":"https:\/\/mcrl.govmu.org\/mcrl\/index.php?rest_route=\/wp\/v2\/pages\/1769\/revisions\/1779"}],"wp:attachment":[{"href":"https:\/\/mcrl.govmu.org\/mcrl\/index.php?rest_route=%2Fwp%2Fv2%2Fmedia&parent=1769"}],"curies":[{"name":"wp","href":"https:\/\/api.w.org\/{rel}","templated":true}]}}